{"id":225622,"date":"2024-02-09T09:43:42","date_gmt":"2024-02-09T06:43:42","guid":{"rendered":"https:\/\/www.evigo.fi\/?post_type=product&#038;p=225622"},"modified":"2024-02-09T10:10:11","modified_gmt":"2024-02-09T07:10:11","slug":"tv-mainos-kuvattu-kampanja","status":"publish","type":"product","link":"https:\/\/www.evigo.fi\/en\/product\/tv-mainos-kuvattu-kampanja\/","title":{"rendered":"TV-mainos + kampanja (kuvattu)"},"content":{"rendered":"<p>[et_pb_section fb_built=&#8221;1&#8243; _builder_version=&#8221;4.16&#8243; custom_padding=&#8221;0px||||false|false&#8221; collapsed=&#8221;off&#8221; global_colors_info=&#8221;{}&#8221;][et_pb_row disabled_on=&#8221;off|off|on&#8221; _builder_version=&#8221;4.18.0&#8243; z_index=&#8221;11&#8243; custom_padding=&#8221;0px||0px||true|false&#8221; locked=&#8221;off&#8221; global_colors_info=&#8221;{}&#8221;][et_pb_column type=&#8221;4_4&#8243; _builder_version=&#8221;4.16&#8243; global_colors_info=&#8221;{}&#8221;][et_pb_blurb use_icon=&#8221;on&#8221; font_icon=&#8221;&#x61;||divi||400&#8243; icon_color=&#8221;#FF62AD&#8221; image_icon_background_color=&#8221;#1F333E&#8221; image_icon_width=&#8221;25px&#8221; admin_label=&#8221;Blurb #1&#8243; module_class=&#8221;transform_target&#8221; _builder_version=&#8221;4.18.0&#8243; body_font_size=&#8221;20px&#8221; image_icon_custom_padding=&#8221;25px|25px|25px|25px|false|false&#8221; z_index=&#8221;1&#8243; custom_margin=&#8221;||0px||false|false&#8221; animation=&#8221;off&#8221; custom_css_main_element=&#8221;position: fixed !important;||bottom: 20px;||left: 20px;&#8221; custom_css_blurb_image=&#8221;margin-bottom: 0px;&#8221; border_style_all=&#8221;none&#8221; border_radii_image=&#8221;on|100%|100%|100%|100%&#8221; border_width_all_image=&#8221;11px&#8221; border_color_all_image=&#8221;#EF019D&#8221; icon_font_size=&#8221;25px&#8221; use_circle=&#8221;on&#8221; use_circle_border=&#8221;on&#8221; circle_border_color=&#8221;#509afb&#8221; circle_color=&#8221;#222222&#8243; global_colors_info=&#8221;{}&#8221; icon_color__hover_enabled=&#8221;off|desktop&#8221; image_icon_background_color__sticky_enabled=&#8221;#ef019d&#8221; image_icon_background_color__sticky=&#8221;#ef019d&#8221;][\/et_pb_blurb][et_pb_blurb use_icon=&#8221;on&#8221; font_icon=&#8221;&#xe009;||divi||400&#8243; icon_color=&#8221;#FF62AD&#8221; image_icon_background_color=&#8221;#1F333E&#8221; image_icon_width=&#8221;25px&#8221; admin_label=&#8221;Blurb #2&#8243; module_class=&#8221;has-transform toggle-transform-animation&#8221; _builder_version=&#8221;4.18.0&#8243; body_font_size=&#8221;20px&#8221; image_icon_custom_padding=&#8221;25px|25px|25px|25px|false|false&#8221; transform_scale=&#8221;50%|50%&#8221; transform_translate=&#8221;-1em|-12em&#8221; transform_translate_linked=&#8221;off&#8221; custom_margin=&#8221;||0px||false|false&#8221; animation=&#8221;off&#8221; link_option_url=&#8221;https:\/\/www.evigo.fi\/&#8221; custom_css_main_element=&#8221;position: fixed !important;||bottom: 20px;||left: 20px;&#8221; custom_css_blurb_image=&#8221;margin-bottom: 0px;&#8221; border_radii_image=&#8221;on|100%|100%|100%|100%&#8221; border_width_all_image=&#8221;11px&#8221; border_color_all_image=&#8221;#EF019D&#8221; icon_font_size=&#8221;25px&#8221; use_circle=&#8221;on&#8221; use_circle_border=&#8221;on&#8221; circle_border_color=&#8221;#509afb&#8221; circle_color=&#8221;#222222&#8243; global_colors_info=&#8221;{}&#8221; icon_color__hover_enabled=&#8221;off|desktop&#8221; image_icon_background_color__sticky_enabled=&#8221;#ef019d&#8221; image_icon_background_color__sticky=&#8221;#ef019d&#8221;][\/et_pb_blurb][et_pb_blurb use_icon=&#8221;on&#8221; font_icon=&#8221;&#xe024;||divi||400&#8243; icon_color=&#8221;#FF62AD&#8221; image_icon_background_color=&#8221;#1F333E&#8221; image_icon_width=&#8221;25px&#8221; admin_label=&#8221;Blurb #3&#8243; module_class=&#8221;has-transform toggle-transform-animation&#8221; _builder_version=&#8221;4.18.0&#8243; body_font_size=&#8221;20px&#8221; image_icon_custom_padding=&#8221;25px|25px|25px|25px|false|false&#8221; transform_scale=&#8221;50%|50%&#8221; transform_translate=&#8221;4em|-10.5em&#8221; transform_translate_linked=&#8221;off&#8221; custom_margin=&#8221;||0px||false|false&#8221; animation=&#8221;off&#8221; link_option_url=&#8221;https:\/\/www.evigo.fi\/videotuotannot&#8221; custom_css_main_element=&#8221;position: fixed !important;||bottom: 20px;||left: 20px;&#8221; custom_css_blurb_image=&#8221;margin-bottom: 0px;&#8221; border_radii_image=&#8221;on|100%|100%|100%|100%&#8221; border_width_all_image=&#8221;11px&#8221; border_color_all_image=&#8221;#f95eac&#8221; icon_font_size=&#8221;25px&#8221; use_circle=&#8221;on&#8221; use_circle_border=&#8221;on&#8221; circle_border_color=&#8221;#509afb&#8221; circle_color=&#8221;#222222&#8243; global_colors_info=&#8221;{}&#8221; icon_color__hover_enabled=&#8221;off|desktop&#8221; image_icon_background_color__sticky_enabled=&#8221;#ef019d&#8221; image_icon_background_color__sticky=&#8221;#ef019d&#8221;][\/et_pb_blurb][et_pb_blurb use_icon=&#8221;on&#8221; font_icon=&#8221;&#xf03d;||fa||900&#8243; icon_color=&#8221;#FF62AD&#8221; image_icon_background_color=&#8221;#1F333E&#8221; image_icon_width=&#8221;25px&#8221; admin_label=&#8221;Blurb #4&#8243; module_class=&#8221;has-transform toggle-transform-animation&#8221; _builder_version=&#8221;4.18.0&#8243; body_font_size=&#8221;20px&#8221; image_icon_custom_padding=&#8221;25px|25px|25px|25px|false|false&#8221; transform_scale=&#8221;50%|50%&#8221; transform_translate=&#8221;8em|-7em&#8221; transform_translate_linked=&#8221;off&#8221; custom_margin=&#8221;||0px||false|false&#8221; animation=&#8221;off&#8221; link_option_url=&#8221;https:\/\/www.evigo.fi\/live-striimaus&#8221; custom_css_main_element=&#8221;position: fixed !important;||bottom: 20px;||left: 20px;&#8221; custom_css_blurb_image=&#8221;margin-bottom: 0px;&#8221; border_radii_image=&#8221;on|60%|60%|60%|60%&#8221; border_width_all_image=&#8221;11px&#8221; border_color_all_image=&#8221;#f75db2&#8243; icon_font_size=&#8221;25px&#8221; use_circle=&#8221;on&#8221; use_circle_border=&#8221;on&#8221; circle_border_color=&#8221;#509afb&#8221; circle_color=&#8221;#222222&#8243; global_colors_info=&#8221;{}&#8221; icon_color__hover_enabled=&#8221;off|desktop&#8221; image_icon_background_color__sticky_enabled=&#8221;#ef019d&#8221; image_icon_background_color__sticky=&#8221;#ef019d&#8221;][\/et_pb_blurb][et_pb_blurb use_icon=&#8221;on&#8221; font_icon=&#8221;&#xf641;||fa||900&#8243; icon_color=&#8221;#FF62AD&#8221; image_icon_background_color=&#8221;#1F333E&#8221; image_icon_width=&#8221;25px&#8221; admin_label=&#8221;Blurb #5&#8243; module_class=&#8221;has-transform toggle-transform-animation&#8221; _builder_version=&#8221;4.18.0&#8243; body_font_size=&#8221;20px&#8221; image_icon_custom_padding=&#8221;25px|25px|25px|25px|false|false&#8221; transform_scale=&#8221;50%|50%&#8221; transform_translate=&#8221;11em|-2.5em&#8221; transform_translate_linked=&#8221;off&#8221; custom_margin=&#8221;||0px||false|false&#8221; animation=&#8221;off&#8221; link_option_url=&#8221;https:\/\/www.evigo.fi\/videomarkkinointi&#8221; custom_css_main_element=&#8221;position: fixed !important;||bottom: 20px;||left: 20px;&#8221; custom_css_blurb_image=&#8221;margin-bottom: 0px;&#8221; border_radii_image=&#8221;on|100%|100%|100%|100%&#8221; border_width_all_image=&#8221;11px&#8221; border_color_all_image=&#8221;#ef0097&#8243; icon_font_size=&#8221;25px&#8221; use_circle=&#8221;on&#8221; use_circle_border=&#8221;on&#8221; circle_border_color=&#8221;#509afb&#8221; circle_color=&#8221;#222222&#8243; global_colors_info=&#8221;{}&#8221; icon_color__hover_enabled=&#8221;off|desktop&#8221; image_icon_background_color__sticky_enabled=&#8221;#ef019d&#8221; image_icon_background_color__sticky=&#8221;#ef019d&#8221;][\/et_pb_blurb][et_pb_blurb use_icon=&#8221;on&#8221; font_icon=&#8221;&#xf2bb;||fa||900&#8243; icon_color=&#8221;#FF62AD&#8221; image_icon_background_color=&#8221;#1F333E&#8221; image_icon_width=&#8221;25px&#8221; admin_label=&#8221;Blurb #6&#8243; module_class=&#8221;has-transform toggle-transform-animation&#8221; _builder_version=&#8221;4.18.0&#8243; body_font_size=&#8221;20px&#8221; image_icon_custom_padding=&#8221;25px|25px|25px|25px|false|false&#8221; transform_scale=&#8221;50%|50%&#8221; transform_translate=&#8221;12em|3em&#8221; transform_translate_linked=&#8221;off&#8221; custom_margin=&#8221;||0px||false|false&#8221; animation=&#8221;off&#8221; link_option_url=&#8221;https:\/\/www.evigo.fi\/yhteystiedot&#8221; custom_css_main_element=&#8221;position: fixed !important;||bottom: 20px;||left: 20px;&#8221; custom_css_blurb_image=&#8221;margin-bottom: 0px;&#8221; border_radii_image=&#8221;on|100%|100%|100%|100%&#8221; border_width_all_image=&#8221;11px&#8221; border_color_all_image=&#8221;#f20091&#8243; icon_font_size=&#8221;25px&#8221; use_circle=&#8221;on&#8221; use_circle_border=&#8221;on&#8221; circle_border_color=&#8221;#509afb&#8221; circle_color=&#8221;#222222&#8243; global_colors_info=&#8221;{}&#8221; icon_color__hover_enabled=&#8221;off|desktop&#8221; image_icon_background_color__sticky_enabled=&#8221;#ef019d&#8221; image_icon_background_color__sticky=&#8221;#ef019d&#8221;][\/et_pb_blurb][et_pb_code _builder_version=&#8221;4.18.0&#8243; global_colors_info=&#8221;{}&#8221;]<\/p>\n<style><!-- [et_pb_line_break_holder] -->  <!-- [et_pb_line_break_holder] -->  .has-transform, .transform_target .et-pb-icon {<!-- [et_pb_line_break_holder] -->    transition: all 400ms ease-in-out;<!-- [et_pb_line_break_holder] -->  } <!-- [et_pb_line_break_holder] -->  .toggle-transform-animation {<!-- [et_pb_line_break_holder] -->    transform: none !important;<!-- [et_pb_line_break_holder] -->  }<!-- [et_pb_line_break_holder] -->  .transform_target {<!-- [et_pb_line_break_holder] -->    cursor: pointer;<!-- [et_pb_line_break_holder] -->  }<!-- [et_pb_line_break_holder] -->  .toggle-active-target.et_pb_blurb .et-pb-icon {<!-- [et_pb_line_break_holder] -->    background-color: transparent;<!-- [et_pb_line_break_holder] -->  }<!-- [et_pb_line_break_holder] -->  <!-- [et_pb_line_break_holder] --><\/style>\n<p><!-- [et_pb_line_break_holder] --><!-- [et_pb_line_break_holder] --><script><!-- [et_pb_line_break_holder] -->  <!-- [et_pb_line_break_holder] -->(function($) {<!-- [et_pb_line_break_holder] -->  $(document).ready(function(){<!-- [et_pb_line_break_holder] -->    $('.transform_target').click(function(){<!-- [et_pb_line_break_holder] -->      $(this).toggleClass('toggle-active-target');<!-- [et_pb_line_break_holder] -->      $('.has-transform').toggleClass('toggle-transform-animation');   <!-- [et_pb_line_break_holder] -->    });    <!-- [et_pb_line_break_holder] -->  });<!-- [et_pb_line_break_holder] -->})( jQuery );  <!-- [et_pb_line_break_holder] --><!-- [et_pb_line_break_holder] --><\/script><!-- [et_pb_line_break_holder] -->[\/et_pb_code][\/et_pb_column][\/et_pb_row][et_pb_row _builder_version=&#8221;4.18.0&#8243; _module_preset=&#8221;default&#8221; global_colors_info=&#8221;{}&#8221;][et_pb_column type=&#8221;4_4&#8243; _builder_version=&#8221;4.18.0&#8243; _module_preset=&#8221;default&#8221; global_colors_info=&#8221;{}&#8221;][et_pb_menu disabled_on=&#8221;on|on|off&#8221; _builder_version=&#8221;4.18.0&#8243; _module_preset=&#8221;default&#8221; global_colors_info=&#8221;{}&#8221;][\/et_pb_menu][\/et_pb_column][\/et_pb_row][et_pb_row _builder_version=&#8221;4.16&#8243; background_size=&#8221;initial&#8221; background_position=&#8221;top_left&#8221; background_repeat=&#8221;repeat&#8221; width=&#8221;100%&#8221; custom_padding=&#8221;0px||0px||false|false&#8221; global_colors_info=&#8221;{}&#8221;][et_pb_column type=&#8221;4_4&#8243; _builder_version=&#8221;4.16&#8243; custom_padding=&#8221;|||&#8221; global_colors_info=&#8221;{}&#8221; custom_padding__hover=&#8221;|||&#8221;][et_pb_wc_cart_notice _builder_version=&#8221;4.16&#8243; global_colors_info=&#8221;{}&#8221;][\/et_pb_wc_cart_notice][\/et_pb_column][\/et_pb_row][et_pb_row column_structure=&#8221;1_3,2_3&#8243; _builder_version=&#8221;4.16&#8243; background_size=&#8221;initial&#8221; background_position=&#8221;top_left&#8221; background_repeat=&#8221;repeat&#8221; width=&#8221;100%&#8221; custom_padding=&#8221;0px||||false|false&#8221; global_colors_info=&#8221;{}&#8221;][et_pb_column type=&#8221;1_3&#8243; _builder_version=&#8221;4.16&#8243; custom_padding=&#8221;|||&#8221; global_colors_info=&#8221;{}&#8221; custom_padding__hover=&#8221;|||&#8221;][et_pb_wc_images _builder_version=&#8221;4.16&#8243; global_colors_info=&#8221;{}&#8221;][\/et_pb_wc_images][\/et_pb_column][et_pb_column type=&#8221;2_3&#8243; _builder_version=&#8221;4.16&#8243; custom_padding=&#8221;|||&#8221; global_colors_info=&#8221;{}&#8221; custom_padding__hover=&#8221;|||&#8221;][et_pb_wc_title _builder_version=&#8221;4.16&#8243; global_colors_info=&#8221;{}&#8221;][\/et_pb_wc_title][et_pb_wc_rating _builder_version=&#8221;4.16&#8243; global_colors_info=&#8221;{}&#8221;][\/et_pb_wc_rating][et_pb_wc_price _builder_version=&#8221;4.16&#8243; global_colors_info=&#8221;{}&#8221;][\/et_pb_wc_price][et_pb_wc_description _builder_version=&#8221;4.16&#8243; global_colors_info=&#8221;{}&#8221;][\/et_pb_wc_description][et_pb_wc_add_to_cart _builder_version=&#8221;4.16&#8243; global_colors_info=&#8221;{}&#8221;][\/et_pb_wc_add_to_cart][et_pb_text _builder_version=&#8221;4.24.0&#8243; _module_preset=&#8221;default&#8221; global_colors_info=&#8221;{}&#8221;]<\/p>\n<p>Et viel\u00e4 sitoudu ostamaan mit\u00e4\u00e4n tuotetta, l\u00e4het\u00e4t meille vasta tarjouspyynn\u00f6n. Hinta ei v\u00e4ltt\u00e4m\u00e4tt\u00e4 ole lopullinen hinta, vaan arvio. Suurin osa videoista toteutetaan t\u00e4h\u00e4n hintaan, mutta pit\u00e4m\u00e4ss\u00e4mme aloituspalaverissa selvit\u00e4mme yhdess\u00e4, onko t\u00e4m\u00e4 tuotanto tavallista nopeampi tai monimutkaisempi toteuttaa.<\/p>\n<p>[\/et_pb_text][\/et_pb_column][\/et_pb_row][et_pb_row _builder_version=&#8221;4.16&#8243; background_size=&#8221;initial&#8221; background_position=&#8221;top_left&#8221; background_repeat=&#8221;repeat&#8221; width=&#8221;100%&#8221; global_colors_info=&#8221;{}&#8221;][et_pb_column type=&#8221;4_4&#8243; _builder_version=&#8221;4.16&#8243; custom_padding=&#8221;|||&#8221; global_colors_info=&#8221;{}&#8221; custom_padding__hover=&#8221;|||&#8221;][et_pb_wc_upsells _builder_version=&#8221;4.16&#8243; global_colors_info=&#8221;{}&#8221;][\/et_pb_wc_upsells][et_pb_wc_related_products _builder_version=&#8221;4.16&#8243; global_colors_info=&#8221;{}&#8221;][\/et_pb_wc_related_products][\/et_pb_column][\/et_pb_row][\/et_pb_section]<\/p>","protected":false},"excerpt":{"rendered":"<p>Etsitk\u00f6 tekij\u00e4\u00e4 tv-mainokselle tai videomainokselle? Olemme sinua varten!<\/p>\n<p>Voit valita, kuinka pitk\u00e4n spotin haluat meid\u00e4n tekev\u00e4n. Suunnittelemme ja k\u00e4sikirjoitamme videon kanssasi sek\u00e4 kuvaamme videon k\u00e4sikirjoituksen pohjalta. Editoimme kuvatusta materiaalista valmiin mainosvideon ja viimeistelemme sen animaatioilla sek\u00e4 tarvittavilla teksteill\u00e4 toiveittesi mukaisesti. Kauttamme saat my\u00f6s puheen \/ spiikin mainokseesi, mutta niiden hinnoittelusta voimme keskustella erikseen. Spiikkauksien hinnat ovat 300 ja tuhansien eurojen v\u00e4lilt\u00e4.<\/p>\n<p>Laadukasta spottia voit k\u00e4ytt\u00e4\u00e4 niin TV-kampanjassa kuin mainosvideona esimerkiksi somessa.<\/p>\n<p>Hinta sis\u00e4lt\u00e4\u00e4 mainoksen k\u00e4sikirjoittamisen, kuvaamisen ja editoinnin, musiikin musiikkipankistamme, kaksi muutoskierrosta sek\u00e4 valmiin aineiston l\u00e4hett\u00e4misen tilaajalle. Lis\u00e4ksi mukaan on laskettu 1000 euron mainoskampanja.<\/p>\n<p>Hintaan lis\u00e4t\u00e4\u00e4n mahdolliset n\u00e4yttelij\u00e4kulut, spiikki- sek\u00e4 matkakulut Rovaniemen keskustasta kuvauskohteeseen ja takaisin. Mik\u00e4li haluat k\u00e4ytt\u00e4\u00e4 videossa musiikkina sellaista kappaletta, mit\u00e4 ei l\u00f6ydy musiikkipankistamme, sen k\u00e4ytt\u00f6oikeuden hinta lis\u00e4t\u00e4\u00e4n my\u00f6s loppulaskulle. My\u00f6s spotgate-maksut lis\u00e4t\u00e4\u00e4n hintaan, mik\u00e4li l\u00e4het\u00e4mme spotin TV-yhti\u00f6ihin.<\/p>\n<p>Hintaan lis\u00e4t\u00e4\u00e4n ALV 24 %<\/p>\n<p>Voit valita t\u00e4st\u00e4, kuinka pitk\u00e4n mainoksen haluat -&gt;<\/p>","protected":false},"featured_media":225621,"comment_status":"open","ping_status":"closed","template":"","meta":{"_seopress_robots_primary_cat":"none","_seopress_titles_title":"TV-mainoksen tai mainosvideon tuotanto alk. 1240,00 \u20ac","_seopress_titles_desc":"Hanki tv-mainoksen tai mainosvideon tuotanto Evigost kustannustehokkaaseen hintaan. Katso referenssimme","_seopress_robots_index":"","_et_pb_use_builder":"on","_et_pb_old_content":"Videokuvatun TV-mainoksen \/ mainosvideon tuottaminen. Voit valita spotin pituuden.","_et_gb_content_width":""},"product_brand":[],"product_cat":[51],"product_tag":[],"class_list":{"0":"post-225622","1":"product","2":"type-product","3":"status-publish","4":"has-post-thumbnail","6":"product_cat-mainos","8":"first","9":"instock","10":"featured","11":"taxable","12":"shipping-taxable","13":"purchasable","14":"product-type-variable"},"_links":{"self":[{"href":"https:\/\/www.evigo.fi\/en\/wp-json\/wp\/v2\/product\/225622"}],"collection":[{"href":"https:\/\/www.evigo.fi\/en\/wp-json\/wp\/v2\/product"}],"about":[{"href":"https:\/\/www.evigo.fi\/en\/wp-json\/wp\/v2\/types\/product"}],"replies":[{"embeddable":true,"href":"https:\/\/www.evigo.fi\/en\/wp-json\/wp\/v2\/comments?post=225622"}],"wp:featuredmedia":[{"embeddable":true,"href":"https:\/\/www.evigo.fi\/en\/wp-json\/wp\/v2\/media\/225621"}],"wp:attachment":[{"href":"https:\/\/www.evigo.fi\/en\/wp-json\/wp\/v2\/media?parent=225622"}],"wp:term":[{"taxonomy":"product_brand","embeddable":true,"href":"https:\/\/www.evigo.fi\/en\/wp-json\/wp\/v2\/product_brand?post=225622"},{"taxonomy":"product_cat","embeddable":true,"href":"https:\/\/www.evigo.fi\/en\/wp-json\/wp\/v2\/product_cat?post=225622"},{"taxonomy":"product_tag","embeddable":true,"href":"https:\/\/www.evigo.fi\/en\/wp-json\/wp\/v2\/product_tag?post=225622"}],"curies":[{"name":"wp","href":"https:\/\/api.w.org\/{rel}","templated":true}]}}