{"id":224720,"date":"2022-10-02T05:43:44","date_gmt":"2022-10-02T05:43:44","guid":{"rendered":"http:\/\/www.evigo.fi\/?post_type=product&#038;p=224720"},"modified":"2024-02-09T10:12:22","modified_gmt":"2024-02-09T07:12:22","slug":"haa-ja-juhlakuvaus","status":"publish","type":"product","link":"https:\/\/www.evigo.fi\/en\/product\/haa-ja-juhlakuvaus\/","title":{"rendered":"Wedding and party videos"},"content":{"rendered":"<p>[et_pb_section fb_built=&#8221;1&#8243; _builder_version=&#8221;4.16&#8243; custom_padding=&#8221;0px||||false|false&#8221; collapsed=&#8221;off&#8221; global_colors_info=&#8221;{}&#8221;][et_pb_row disabled_on=&#8221;off|off|on&#8221; _builder_version=&#8221;4.18.0&#8243; z_index=&#8221;11&#8243; custom_padding=&#8221;0px||0px||true|false&#8221; locked=&#8221;off&#8221; global_colors_info=&#8221;{}&#8221;][et_pb_column type=&#8221;4_4&#8243; _builder_version=&#8221;4.16&#8243; global_colors_info=&#8221;{}&#8221;][et_pb_blurb use_icon=&#8221;on&#8221; font_icon=&#8221;&#x61;||divi||400&#8243; icon_color=&#8221;#FF62AD&#8221; image_icon_background_color=&#8221;#1F333E&#8221; image_icon_width=&#8221;25px&#8221; admin_label=&#8221;Blurb #1&#8243; module_class=&#8221;transform_target&#8221; _builder_version=&#8221;4.18.0&#8243; body_font_size=&#8221;20px&#8221; image_icon_custom_padding=&#8221;25px|25px|25px|25px|false|false&#8221; z_index=&#8221;1&#8243; custom_margin=&#8221;||0px||false|false&#8221; animation=&#8221;off&#8221; custom_css_main_element=&#8221;position: fixed !important;||bottom: 20px;||left: 20px;&#8221; custom_css_blurb_image=&#8221;margin-bottom: 0px;&#8221; border_style_all=&#8221;none&#8221; border_radii_image=&#8221;on|100%|100%|100%|100%&#8221; border_width_all_image=&#8221;11px&#8221; border_color_all_image=&#8221;#EF019D&#8221; icon_font_size=&#8221;25px&#8221; use_circle=&#8221;on&#8221; use_circle_border=&#8221;on&#8221; circle_border_color=&#8221;#509afb&#8221; circle_color=&#8221;#222222&#8243; global_colors_info=&#8221;{}&#8221; icon_color__hover_enabled=&#8221;off|desktop&#8221; image_icon_background_color__sticky_enabled=&#8221;#ef019d&#8221; image_icon_background_color__sticky=&#8221;#ef019d&#8221;][\/et_pb_blurb][et_pb_blurb use_icon=&#8221;on&#8221; font_icon=&#8221;&#xe009;||divi||400&#8243; icon_color=&#8221;#FF62AD&#8221; image_icon_background_color=&#8221;#1F333E&#8221; image_icon_width=&#8221;25px&#8221; admin_label=&#8221;Blurb #2&#8243; module_class=&#8221;has-transform toggle-transform-animation&#8221; _builder_version=&#8221;4.18.0&#8243; body_font_size=&#8221;20px&#8221; image_icon_custom_padding=&#8221;25px|25px|25px|25px|false|false&#8221; transform_scale=&#8221;50%|50%&#8221; transform_translate=&#8221;-1em|-12em&#8221; transform_translate_linked=&#8221;off&#8221; custom_margin=&#8221;||0px||false|false&#8221; animation=&#8221;off&#8221; link_option_url=&#8221;https:\/\/www.evigo.fi\/&#8221; custom_css_main_element=&#8221;position: fixed !important;||bottom: 20px;||left: 20px;&#8221; custom_css_blurb_image=&#8221;margin-bottom: 0px;&#8221; border_radii_image=&#8221;on|100%|100%|100%|100%&#8221; border_width_all_image=&#8221;11px&#8221; border_color_all_image=&#8221;#EF019D&#8221; icon_font_size=&#8221;25px&#8221; use_circle=&#8221;on&#8221; use_circle_border=&#8221;on&#8221; circle_border_color=&#8221;#509afb&#8221; circle_color=&#8221;#222222&#8243; global_colors_info=&#8221;{}&#8221; icon_color__hover_enabled=&#8221;off|desktop&#8221; image_icon_background_color__sticky_enabled=&#8221;#ef019d&#8221; image_icon_background_color__sticky=&#8221;#ef019d&#8221;][\/et_pb_blurb][et_pb_blurb use_icon=&#8221;on&#8221; font_icon=&#8221;&#xe024;||divi||400&#8243; icon_color=&#8221;#FF62AD&#8221; image_icon_background_color=&#8221;#1F333E&#8221; image_icon_width=&#8221;25px&#8221; admin_label=&#8221;Blurb #3&#8243; module_class=&#8221;has-transform toggle-transform-animation&#8221; _builder_version=&#8221;4.18.0&#8243; body_font_size=&#8221;20px&#8221; image_icon_custom_padding=&#8221;25px|25px|25px|25px|false|false&#8221; transform_scale=&#8221;50%|50%&#8221; transform_translate=&#8221;4em|-10.5em&#8221; transform_translate_linked=&#8221;off&#8221; custom_margin=&#8221;||0px||false|false&#8221; animation=&#8221;off&#8221; link_option_url=&#8221;https:\/\/www.evigo.fi\/videotuotannot&#8221; custom_css_main_element=&#8221;position: fixed !important;||bottom: 20px;||left: 20px;&#8221; custom_css_blurb_image=&#8221;margin-bottom: 0px;&#8221; border_radii_image=&#8221;on|100%|100%|100%|100%&#8221; border_width_all_image=&#8221;11px&#8221; border_color_all_image=&#8221;#f95eac&#8221; icon_font_size=&#8221;25px&#8221; use_circle=&#8221;on&#8221; use_circle_border=&#8221;on&#8221; circle_border_color=&#8221;#509afb&#8221; circle_color=&#8221;#222222&#8243; global_colors_info=&#8221;{}&#8221; icon_color__hover_enabled=&#8221;off|desktop&#8221; image_icon_background_color__sticky_enabled=&#8221;#ef019d&#8221; image_icon_background_color__sticky=&#8221;#ef019d&#8221;][\/et_pb_blurb][et_pb_blurb use_icon=&#8221;on&#8221; font_icon=&#8221;&#xf03d;||fa||900&#8243; icon_color=&#8221;#FF62AD&#8221; image_icon_background_color=&#8221;#1F333E&#8221; image_icon_width=&#8221;25px&#8221; admin_label=&#8221;Blurb #4&#8243; module_class=&#8221;has-transform toggle-transform-animation&#8221; _builder_version=&#8221;4.18.0&#8243; body_font_size=&#8221;20px&#8221; image_icon_custom_padding=&#8221;25px|25px|25px|25px|false|false&#8221; transform_scale=&#8221;50%|50%&#8221; transform_translate=&#8221;8em|-7em&#8221; transform_translate_linked=&#8221;off&#8221; custom_margin=&#8221;||0px||false|false&#8221; animation=&#8221;off&#8221; link_option_url=&#8221;https:\/\/www.evigo.fi\/live-striimaus&#8221; custom_css_main_element=&#8221;position: fixed !important;||bottom: 20px;||left: 20px;&#8221; custom_css_blurb_image=&#8221;margin-bottom: 0px;&#8221; border_radii_image=&#8221;on|60%|60%|60%|60%&#8221; border_width_all_image=&#8221;11px&#8221; border_color_all_image=&#8221;#f75db2&#8243; icon_font_size=&#8221;25px&#8221; use_circle=&#8221;on&#8221; use_circle_border=&#8221;on&#8221; circle_border_color=&#8221;#509afb&#8221; circle_color=&#8221;#222222&#8243; global_colors_info=&#8221;{}&#8221; icon_color__hover_enabled=&#8221;off|desktop&#8221; image_icon_background_color__sticky_enabled=&#8221;#ef019d&#8221; image_icon_background_color__sticky=&#8221;#ef019d&#8221;][\/et_pb_blurb][et_pb_blurb use_icon=&#8221;on&#8221; font_icon=&#8221;&#xf641;||fa||900&#8243; icon_color=&#8221;#FF62AD&#8221; image_icon_background_color=&#8221;#1F333E&#8221; image_icon_width=&#8221;25px&#8221; admin_label=&#8221;Blurb #5&#8243; module_class=&#8221;has-transform toggle-transform-animation&#8221; _builder_version=&#8221;4.18.0&#8243; body_font_size=&#8221;20px&#8221; image_icon_custom_padding=&#8221;25px|25px|25px|25px|false|false&#8221; transform_scale=&#8221;50%|50%&#8221; transform_translate=&#8221;11em|-2.5em&#8221; transform_translate_linked=&#8221;off&#8221; custom_margin=&#8221;||0px||false|false&#8221; animation=&#8221;off&#8221; link_option_url=&#8221;https:\/\/www.evigo.fi\/videomarkkinointi&#8221; custom_css_main_element=&#8221;position: fixed !important;||bottom: 20px;||left: 20px;&#8221; custom_css_blurb_image=&#8221;margin-bottom: 0px;&#8221; border_radii_image=&#8221;on|100%|100%|100%|100%&#8221; border_width_all_image=&#8221;11px&#8221; border_color_all_image=&#8221;#ef0097&#8243; icon_font_size=&#8221;25px&#8221; use_circle=&#8221;on&#8221; use_circle_border=&#8221;on&#8221; circle_border_color=&#8221;#509afb&#8221; circle_color=&#8221;#222222&#8243; global_colors_info=&#8221;{}&#8221; icon_color__hover_enabled=&#8221;off|desktop&#8221; image_icon_background_color__sticky_enabled=&#8221;#ef019d&#8221; image_icon_background_color__sticky=&#8221;#ef019d&#8221;][\/et_pb_blurb][et_pb_blurb use_icon=&#8221;on&#8221; font_icon=&#8221;&#xf2bb;||fa||900&#8243; icon_color=&#8221;#FF62AD&#8221; image_icon_background_color=&#8221;#1F333E&#8221; image_icon_width=&#8221;25px&#8221; admin_label=&#8221;Blurb #6&#8243; module_class=&#8221;has-transform toggle-transform-animation&#8221; _builder_version=&#8221;4.18.0&#8243; body_font_size=&#8221;20px&#8221; image_icon_custom_padding=&#8221;25px|25px|25px|25px|false|false&#8221; transform_scale=&#8221;50%|50%&#8221; transform_translate=&#8221;12em|3em&#8221; transform_translate_linked=&#8221;off&#8221; custom_margin=&#8221;||0px||false|false&#8221; animation=&#8221;off&#8221; link_option_url=&#8221;https:\/\/www.evigo.fi\/yhteystiedot&#8221; custom_css_main_element=&#8221;position: fixed !important;||bottom: 20px;||left: 20px;&#8221; custom_css_blurb_image=&#8221;margin-bottom: 0px;&#8221; border_radii_image=&#8221;on|100%|100%|100%|100%&#8221; border_width_all_image=&#8221;11px&#8221; border_color_all_image=&#8221;#f20091&#8243; icon_font_size=&#8221;25px&#8221; use_circle=&#8221;on&#8221; use_circle_border=&#8221;on&#8221; circle_border_color=&#8221;#509afb&#8221; circle_color=&#8221;#222222&#8243; global_colors_info=&#8221;{}&#8221; icon_color__hover_enabled=&#8221;off|desktop&#8221; image_icon_background_color__sticky_enabled=&#8221;#ef019d&#8221; image_icon_background_color__sticky=&#8221;#ef019d&#8221;][\/et_pb_blurb][et_pb_code _builder_version=&#8221;4.18.0&#8243; global_colors_info=&#8221;{}&#8221;]<\/p>\n<style><!-- [et_pb_line_break_holder] -->  <!-- [et_pb_line_break_holder] -->  .has-transform, .transform_target .et-pb-icon {<!-- [et_pb_line_break_holder] -->    transition: all 400ms ease-in-out;<!-- [et_pb_line_break_holder] -->  } <!-- [et_pb_line_break_holder] -->  .toggle-transform-animation {<!-- [et_pb_line_break_holder] -->    transform: none !important;<!-- [et_pb_line_break_holder] -->  }<!-- [et_pb_line_break_holder] -->  .transform_target {<!-- [et_pb_line_break_holder] -->    cursor: pointer;<!-- [et_pb_line_break_holder] -->  }<!-- [et_pb_line_break_holder] -->  .toggle-active-target.et_pb_blurb .et-pb-icon {<!-- [et_pb_line_break_holder] -->    background-color: transparent;<!-- [et_pb_line_break_holder] -->  }<!-- [et_pb_line_break_holder] -->  <!-- [et_pb_line_break_holder] --><\/style>\n<p><!-- [et_pb_line_break_holder] --><!-- [et_pb_line_break_holder] --><script><!-- [et_pb_line_break_holder] -->  <!-- [et_pb_line_break_holder] -->(function($) {<!-- [et_pb_line_break_holder] -->  $(document).ready(function(){<!-- [et_pb_line_break_holder] -->    $('.transform_target').click(function(){<!-- [et_pb_line_break_holder] -->      $(this).toggleClass('toggle-active-target');<!-- [et_pb_line_break_holder] -->      $('.has-transform').toggleClass('toggle-transform-animation');   <!-- [et_pb_line_break_holder] -->    });    <!-- [et_pb_line_break_holder] -->  });<!-- [et_pb_line_break_holder] -->})( jQuery );  <!-- [et_pb_line_break_holder] --><!-- [et_pb_line_break_holder] --><\/script><!-- [et_pb_line_break_holder] -->[\/et_pb_code][\/et_pb_column][\/et_pb_row][et_pb_row _builder_version=&#8221;4.18.0&#8243; _module_preset=&#8221;default&#8221; global_colors_info=&#8221;{}&#8221;][et_pb_column type=&#8221;4_4&#8243; _builder_version=&#8221;4.18.0&#8243; _module_preset=&#8221;default&#8221; global_colors_info=&#8221;{}&#8221;][et_pb_menu disabled_on=&#8221;on|on|off&#8221; _builder_version=&#8221;4.18.0&#8243; _module_preset=&#8221;default&#8221; global_colors_info=&#8221;{}&#8221;][\/et_pb_menu][\/et_pb_column][\/et_pb_row][et_pb_row _builder_version=&#8221;4.16&#8243; background_size=&#8221;initial&#8221; background_position=&#8221;top_left&#8221; background_repeat=&#8221;repeat&#8221; width=&#8221;100%&#8221; custom_padding=&#8221;0px||0px||false|false&#8221; global_colors_info=&#8221;{}&#8221;][et_pb_column type=&#8221;4_4&#8243; _builder_version=&#8221;4.16&#8243; custom_padding=&#8221;|||&#8221; global_colors_info=&#8221;{}&#8221; custom_padding__hover=&#8221;|||&#8221;][et_pb_wc_cart_notice _builder_version=&#8221;4.16&#8243; global_colors_info=&#8221;{}&#8221;][\/et_pb_wc_cart_notice][\/et_pb_column][\/et_pb_row][et_pb_row column_structure=&#8221;1_2,1_2&#8243; _builder_version=&#8221;4.16&#8243; background_size=&#8221;initial&#8221; background_position=&#8221;top_left&#8221; background_repeat=&#8221;repeat&#8221; width=&#8221;100%&#8221; custom_padding=&#8221;0px||||false|false&#8221; global_colors_info=&#8221;{}&#8221;][et_pb_column type=&#8221;1_2&#8243; _builder_version=&#8221;4.16&#8243; custom_padding=&#8221;|||&#8221; global_colors_info=&#8221;{}&#8221; custom_padding__hover=&#8221;|||&#8221;][et_pb_wc_images _builder_version=&#8221;4.16&#8243; global_colors_info=&#8221;{}&#8221;][\/et_pb_wc_images][\/et_pb_column][et_pb_column type=&#8221;1_2&#8243; _builder_version=&#8221;4.16&#8243; custom_padding=&#8221;|||&#8221; global_colors_info=&#8221;{}&#8221; custom_padding__hover=&#8221;|||&#8221;][et_pb_wc_title _builder_version=&#8221;4.16&#8243; global_colors_info=&#8221;{}&#8221;][\/et_pb_wc_title][et_pb_wc_rating _builder_version=&#8221;4.16&#8243; global_colors_info=&#8221;{}&#8221;][\/et_pb_wc_rating][et_pb_wc_price _builder_version=&#8221;4.16&#8243; global_colors_info=&#8221;{}&#8221;][\/et_pb_wc_price][et_pb_wc_description _builder_version=&#8221;4.16&#8243; global_colors_info=&#8221;{}&#8221;][\/et_pb_wc_description][et_pb_wc_add_to_cart _builder_version=&#8221;4.16&#8243; global_colors_info=&#8221;{}&#8221;][\/et_pb_wc_add_to_cart][et_pb_text _builder_version=&#8221;4.24.0&#8243; _module_preset=&#8221;default&#8221; hover_enabled=&#8221;0&#8243; sticky_enabled=&#8221;0&#8243; locked=&#8221;off&#8221;]<\/p>\n<p>Et viel\u00e4 sitoudu ostamaan mit\u00e4\u00e4n tuotetta, l\u00e4het\u00e4t meille vasta tarjouspyynn\u00f6n. Hinta ei v\u00e4ltt\u00e4m\u00e4tt\u00e4 ole lopullinen hinta, vaan arvio. Suurin osa videoista toteutetaan t\u00e4h\u00e4n hintaan, mutta pit\u00e4m\u00e4ss\u00e4mme aloituspalaverissa selvit\u00e4mme yhdess\u00e4, onko t\u00e4m\u00e4 tuotanto tavallista nopeampi tai monimutkaisempi toteuttaa.<\/p>\n<p>[\/et_pb_text][\/et_pb_column][\/et_pb_row][et_pb_row _builder_version=&#8221;4.16&#8243; background_size=&#8221;initial&#8221; background_position=&#8221;top_left&#8221; background_repeat=&#8221;repeat&#8221; width=&#8221;100%&#8221; global_colors_info=&#8221;{}&#8221;][et_pb_column type=&#8221;4_4&#8243; _builder_version=&#8221;4.16&#8243; custom_padding=&#8221;|||&#8221; global_colors_info=&#8221;{}&#8221; custom_padding__hover=&#8221;|||&#8221;][et_pb_wc_upsells _builder_version=&#8221;4.16&#8243; global_colors_info=&#8221;{}&#8221;][\/et_pb_wc_upsells][et_pb_wc_related_products _builder_version=&#8221;4.16&#8243; global_colors_info=&#8221;{}&#8221;][\/et_pb_wc_related_products][\/et_pb_column][\/et_pb_row][\/et_pb_section]<\/p>","protected":false},"excerpt":{"rendered":"<p>Oletko j\u00e4rjest\u00e4m\u00e4ss\u00e4 h\u00e4\u00e4t tai muut vastaavat juhlat? Evigo voi ikuistaa el\u00e4m\u00e4si t\u00e4rkeimm\u00e4t hetket. Kahden hengen kuvaustiimimme taltioi juhlat useasta eri kuvakulmasta ja editointitiimimme tiivist\u00e4\u00e4 tapahtumat ikimuistoiseksi kokonaisuudeksi. Suunnittelemme videon kanssasi sek\u00e4 toteutamme tuotannon k\u00e4sikirjoituksen pohjalta. Saat oman n\u00e4k\u00f6isesi videon.<\/p>\n<p>Esimerkin t\u00e4llaisesta videosta l\u00f6yd\u00e4t <a href=\"https:\/\/www.evigo.fi\/en\/project\/referenssi-haavideo\/\" target=\"_blank\" rel=\"noopener\">t\u00e4st\u00e4.<\/a><\/p>\n<p>Hintaan sis\u00e4ltyy asiakkaan hyv\u00e4ksym\u00e4n videon tuottaminen kokonaisuudessaan. Valitsemme videon musiikin musiikkipankistamme. Sen ulkopuolisesti musiikeista veloitetaan erikseen. Veloitamme my\u00f6s matkakulut Rovaniemen keskustasta kuvauskohteeseen ja takaisin. Hintoihin lis\u00e4t\u00e4\u00e4n alv. 24 %<\/p>\n<p>Kuvattavan ohjelman tuntim\u00e4\u00e4r\u00e4ll\u00e4 on vaikutus hintaan. Voit valita t\u00e4st\u00e4, kuinka pitk\u00e4 kuvattavan tilaisuuden \/ ohjelman pituus on\u00a0 -&gt;<\/p>","protected":false},"featured_media":225563,"comment_status":"open","ping_status":"closed","template":"","meta":{"_seopress_robots_primary_cat":"none","_seopress_titles_title":"","_seopress_titles_desc":"Oli kyseess\u00e4 h\u00e4\u00e4t tai sitten jokin muu t\u00e4rke\u00e4 hetki, tapahtumakuvauspalvelumme avulla ikuistat hetkesi oman n\u00e4k\u00f6iseksi videoksi. Kysy tarjous t\u00e4st\u00e4.","_seopress_robots_index":"","_et_pb_use_builder":"on","_et_pb_old_content":"Ammattitason h\u00e4\u00e4- ja juhlavideoiden tuotanto","_et_gb_content_width":""},"product_brand":[],"product_cat":[61],"product_tag":[66,64,65,67],"class_list":{"0":"post-224720","1":"product","2":"type-product","3":"status-publish","4":"has-post-thumbnail","6":"product_cat-tapahtumavideot","7":"product_tag-haakuvaus","8":"product_tag-haavideo","9":"product_tag-tapahtumakuvaus","10":"product_tag-tapahtumavideo","12":"first","13":"instock","14":"featured","15":"purchasable","16":"product-type-variable"},"_links":{"self":[{"href":"https:\/\/www.evigo.fi\/en\/wp-json\/wp\/v2\/product\/224720"}],"collection":[{"href":"https:\/\/www.evigo.fi\/en\/wp-json\/wp\/v2\/product"}],"about":[{"href":"https:\/\/www.evigo.fi\/en\/wp-json\/wp\/v2\/types\/product"}],"replies":[{"embeddable":true,"href":"https:\/\/www.evigo.fi\/en\/wp-json\/wp\/v2\/comments?post=224720"}],"wp:featuredmedia":[{"embeddable":true,"href":"https:\/\/www.evigo.fi\/en\/wp-json\/wp\/v2\/media\/225563"}],"wp:attachment":[{"href":"https:\/\/www.evigo.fi\/en\/wp-json\/wp\/v2\/media?parent=224720"}],"wp:term":[{"taxonomy":"product_brand","embeddable":true,"href":"https:\/\/www.evigo.fi\/en\/wp-json\/wp\/v2\/product_brand?post=224720"},{"taxonomy":"product_cat","embeddable":true,"href":"https:\/\/www.evigo.fi\/en\/wp-json\/wp\/v2\/product_cat?post=224720"},{"taxonomy":"product_tag","embeddable":true,"href":"https:\/\/www.evigo.fi\/en\/wp-json\/wp\/v2\/product_tag?post=224720"}],"curies":[{"name":"wp","href":"https:\/\/api.w.org\/{rel}","templated":true}]}}