{"id":223906,"date":"2022-09-26T09:54:59","date_gmt":"2022-09-26T09:54:59","guid":{"rendered":"http:\/\/www.evigo.fi\/ostoskori\/"},"modified":"2024-02-09T10:08:03","modified_gmt":"2024-02-09T07:08:03","slug":"ostoskori","status":"publish","type":"page","link":"https:\/\/www.evigo.fi\/en\/ostoskori\/","title":{"rendered":"Ostoskori"},"content":{"rendered":"<p>[et_pb_section fb_built=&#8221;1&#8243; _builder_version=&#8221;4.18.0&#8243; _module_preset=&#8221;default&#8221; background_color=&#8221;#212121&#8243; max_height=&#8221;130px&#8221; max_height_tablet=&#8221;100px&#8221; max_height_phone=&#8221;85px&#8221; max_height_last_edited=&#8221;on|desktop&#8221; custom_padding=&#8221;0px||0px|||&#8221; sticky_position=&#8221;top&#8221; global_module=&#8221;224204&#8243; saved_tabs=&#8221;all&#8221; global_colors_info=&#8221;{}&#8221; background__sticky_enabled=&#8221;on|sticky&#8221; background_color__sticky=&#8221;rgba(0,0,0,0.66)&#8221; background_enable_color__sticky=&#8221;on&#8221;][et_pb_row column_structure=&#8221;1_4,1_2,1_4&#8243; custom_padding_last_edited=&#8221;on|tablet&#8221; disabled_on=&#8221;on|on|off&#8221; _builder_version=&#8221;4.18.0&#8243; _module_preset=&#8221;default&#8221; width=&#8221;90%&#8221; custom_padding=&#8221;50px||||false|false&#8221; custom_padding_tablet=&#8221;&#8221; custom_padding_phone=&#8221;&#8221; custom_css_main_element=&#8221;display:flex;&#8221; global_colors_info=&#8221;{}&#8221; custom_padding__sticky_enabled=&#8221;on|sticky&#8221; custom_padding__sticky=&#8221;30px||30px||false|false&#8221;][et_pb_column type=&#8221;1_4&#8243; _builder_version=&#8221;4.18.0&#8243; _module_preset=&#8221;default&#8221; global_colors_info=&#8221;{}&#8221;][et_pb_image src=&#8221;https:\/\/www.evigo.fi\/wp-content\/uploads\/2022\/09\/Evigo-logo-vaalea.png&#8221; title_text=&#8221;Evigo logo vaalea&#8221; _builder_version=&#8221;4.18.0&#8243; _module_preset=&#8221;default&#8221; module_alignment=&#8221;center&#8221; custom_padding_tablet=&#8221;&#8221; custom_padding_phone=&#8221;6px||||false|false&#8221; custom_padding_last_edited=&#8221;on|phone&#8221; global_colors_info=&#8221;{}&#8221; max_width__sticky_enabled=&#8221;off|desktop&#8221; max_width__sticky=&#8221;80%&#8221;][\/et_pb_image][\/et_pb_column][et_pb_column type=&#8221;1_2&#8243; _builder_version=&#8221;4.18.0&#8243; _module_preset=&#8221;default&#8221; global_colors_info=&#8221;{}&#8221;][et_pb_menu menu_style=&#8221;centered&#8221; submenu_direction=&#8221;downwards&#8221; dropdown_menu_bg_color=&#8221;rgba(0,0,0,0.8)&#8221; dropdown_menu_line_color=&#8221;#FF62AD&#8221; dropdown_menu_text_color=&#8221;#FFFFFF&#8221; dropdown_menu_active_link_color=&#8221;#FF62AD&#8221; mobile_menu_bg_color=&#8221;rgba(0,0,0,0.8)&#8221; mobile_menu_text_color=&#8221;#FFFFFF&#8221; _builder_version=&#8221;4.18.0&#8243; _module_preset=&#8221;default&#8221; menu_font=&#8221;|||on|||||&#8221; menu_text_color=&#8221;#FFFFFF&#8221; background_enable_color=&#8221;off&#8221; custom_padding=&#8221;4px||||false|false&#8221; global_colors_info=&#8221;{}&#8221;][\/et_pb_menu][\/et_pb_column][et_pb_column type=&#8221;1_4&#8243; _builder_version=&#8221;4.18.0&#8243; _module_preset=&#8221;default&#8221; global_colors_info=&#8221;{}&#8221;][et_pb_button button_url=&#8221;https:\/\/www.evigo.fi\/yhteystiedot\/&#8221; button_text=&#8221;Ota yhteytt\u00e4&#8221; button_alignment=&#8221;left&#8221; _builder_version=&#8221;4.18.0&#8243; _module_preset=&#8221;default&#8221; custom_button=&#8221;on&#8221; button_text_size=&#8221;12px&#8221; button_text_color=&#8221;#FFFFFF&#8221; button_border_color=&#8221;#FF62AD&#8221; button_border_radius=&#8221;10px&#8221; button_font=&#8221;|700||on|||||&#8221; button_use_icon=&#8221;off&#8221; custom_margin=&#8221;0px||0px||false|false&#8221; custom_margin_tablet=&#8221;0px||0px||false|false&#8221; custom_margin_phone=&#8221;3px||90px||false|false&#8221; custom_margin_last_edited=&#8221;on|desktop&#8221; custom_padding=&#8221;8px||8px||true|false&#8221; custom_padding_tablet=&#8221;|52px||52px|false|true&#8221; custom_padding_phone=&#8221;3px|7px|3px|7px|true|true&#8221; custom_padding_last_edited=&#8221;on|tablet&#8221; locked=&#8221;off&#8221; global_colors_info=&#8221;{}&#8221; button_bg_color__hover_enabled=&#8221;on|desktop&#8221; button_bg_color__hover=&#8221;#FF62AD&#8221; button_bg_enable_color__hover=&#8221;on&#8221; button_letter_spacing__hover_enabled=&#8221;on|hover&#8221; button_letter_spacing__hover=&#8221;0px&#8221;][\/et_pb_button][\/et_pb_column][\/et_pb_row][et_pb_row custom_padding_last_edited=&#8221;on|phone&#8221; disabled_on=&#8221;off|off|on&#8221; _builder_version=&#8221;4.18.0&#8243; _module_preset=&#8221;default&#8221; width=&#8221;100%&#8221; custom_padding=&#8221;50px||||false|false&#8221; custom_padding_tablet=&#8221;20px||||false|false&#8221; custom_padding_phone=&#8221;&#8221; custom_css_main_element=&#8221;display:flex;&#8221; global_colors_info=&#8221;{}&#8221; custom_padding__sticky_enabled=&#8221;on|desktop&#8221; custom_padding__sticky=&#8221;30px||30px||false|false&#8221;][et_pb_column type=&#8221;4_4&#8243; _builder_version=&#8221;4.18.0&#8243; _module_preset=&#8221;default&#8221; global_colors_info=&#8221;{}&#8221;][et_pb_menu menu_id=&#8221;50&#8243; menu_style=&#8221;centered&#8221; submenu_direction=&#8221;downwards&#8221; dropdown_menu_bg_color=&#8221;rgba(0,0,0,0.8)&#8221; dropdown_menu_line_color=&#8221;#FF62AD&#8221; dropdown_menu_text_color=&#8221;#FFFFFF&#8221; dropdown_menu_active_link_color=&#8221;#FF62AD&#8221; mobile_menu_bg_color=&#8221;rgba(0,0,0,0.8)&#8221; mobile_menu_text_color=&#8221;#FFFFFF&#8221; logo=&#8221;https:\/\/www.evigo.fi\/wp-content\/uploads\/2022\/09\/Evigo-logo-vaalea.png&#8221; logo_max_width=&#8221;100px&#8221; _builder_version=&#8221;4.18.0&#8243; _module_preset=&#8221;default&#8221; menu_font=&#8221;|||on|||||&#8221; menu_text_color=&#8221;#FFFFFF&#8221; menu_font_size=&#8221;13px&#8221; menu_line_height=&#8221;1.1em&#8221; background_enable_color=&#8221;off&#8221; global_colors_info=&#8221;{}&#8221;][\/et_pb_menu][\/et_pb_column][\/et_pb_row][\/et_pb_section][et_pb_section fb_built=&#8221;1&#8243; _builder_version=&#8221;4.16&#8243; custom_padding=&#8221;0px|||||&#8221; global_colors_info=&#8221;{}&#8221;][et_pb_row _builder_version=&#8221;4.16&#8243; background_size=&#8221;initial&#8221; background_position=&#8221;top_left&#8221; background_repeat=&#8221;repeat&#8221; global_colors_info=&#8221;{}&#8221;][et_pb_column type=&#8221;4_4&#8243; _builder_version=&#8221;4.16&#8243; custom_padding=&#8221;|||&#8221; global_colors_info=&#8221;{}&#8221; custom_padding__hover=&#8221;|||&#8221;][et_pb_text _builder_version=&#8221;4.24.0&#8243; _module_preset=&#8221;default&#8221; hover_enabled=&#8221;0&#8243; global_colors_info=&#8221;{}&#8221; sticky_enabled=&#8221;0&#8243;]<\/p>\n<h1>Tarjouspyynt\u00f6<\/h1>\n<p>&nbsp;<\/p>\n<p><span>Et viel\u00e4 sitoudu ostamaan mit\u00e4\u00e4n tuotetta, l\u00e4het\u00e4t meille vasta tarjouspyynn\u00f6n. Hinta ei v\u00e4ltt\u00e4m\u00e4tt\u00e4 ole lopullinen hinta, vaan arvio. Suurin osa videoista toteutetaan t\u00e4h\u00e4n hintaan, mutta pit\u00e4m\u00e4ss\u00e4mme aloituspalaverissa selvit\u00e4mme yhdess\u00e4, onko t\u00e4m\u00e4 tuotanto tavallista nopeampi tai monimutkaisempi toteuttaa.<\/span><\/p>\n<p>[\/et_pb_text][et_pb_wc_cart_notice _builder_version=&#8221;4.18.0&#8243; custom_button=&#8221;on&#8221; button_text_color=&#8221;#EF019D&#8221; button_bg_color=&#8221;#FFFFFF&#8221; button_border_color=&#8221;#EF019D&#8221; global_colors_info=&#8221;{}&#8221;][\/et_pb_wc_cart_notice][et_pb_wc_cart_products _builder_version=&#8221;4.16&#8243; global_colors_info=&#8221;{}&#8221;][\/et_pb_wc_cart_products][\/et_pb_column][\/et_pb_row][et_pb_row column_structure=&#8221;1_2,1_2&#8243; _builder_version=&#8221;4.16&#8243; background_size=&#8221;initial&#8221; background_position=&#8221;top_left&#8221; background_repeat=&#8221;repeat&#8221; global_colors_info=&#8221;{}&#8221;][et_pb_column type=&#8221;1_2&#8243; _builder_version=&#8221;4.16&#8243; custom_padding=&#8221;|||&#8221; global_colors_info=&#8221;{}&#8221; custom_padding__hover=&#8221;|||&#8221;][et_pb_wc_cross_sells _builder_version=&#8221;4.16&#8243; global_colors_info=&#8221;{}&#8221;][\/et_pb_wc_cross_sells][\/et_pb_column][et_pb_column type=&#8221;1_2&#8243; _builder_version=&#8221;4.16&#8243; custom_padding=&#8221;|||&#8221; global_colors_info=&#8221;{}&#8221; custom_padding__hover=&#8221;|||&#8221;][et_pb_wc_cart_totals _builder_version=&#8221;4.18.0&#8243; custom_button=&#8221;on&#8221; button_text_color=&#8221;#EF019D&#8221; button_bg_color=&#8221;#FFFFFF&#8221; button_border_color=&#8221;#EF019D&#8221; global_colors_info=&#8221;{}&#8221;][\/et_pb_wc_cart_totals][\/et_pb_column][\/et_pb_row][\/et_pb_section]<\/p>","protected":false},"excerpt":{"rendered":"<p>Tarjouspyynt\u00f6 &nbsp; Et viel\u00e4 sitoudu ostamaan mit\u00e4\u00e4n tuotetta, l\u00e4het\u00e4t meille vasta tarjouspyynn\u00f6n. Hinta ei v\u00e4ltt\u00e4m\u00e4tt\u00e4 ole lopullinen hinta, vaan arvio. Suurin osa videoista toteutetaan t\u00e4h\u00e4n hintaan, mutta pit\u00e4m\u00e4ss\u00e4mme aloituspalaverissa selvit\u00e4mme yhdess\u00e4, onko t\u00e4m\u00e4 tuotanto tavallista nopeampi tai monimutkaisempi toteuttaa.<\/p>","protected":false},"author":1,"featured_media":0,"parent":0,"menu_order":0,"comment_status":"closed","ping_status":"closed","template":"","meta":{"_seopress_robots_primary_cat":"","_seopress_titles_title":"","_seopress_titles_desc":"","_seopress_robots_index":"","_et_pb_use_builder":"on","_et_pb_old_content":"<!-- wp:shortcode -->[woocommerce_cart]<!-- \/wp:shortcode -->","_et_gb_content_width":"","footnotes":""},"class_list":["post-223906","page","type-page","status-publish","hentry"],"_links":{"self":[{"href":"https:\/\/www.evigo.fi\/en\/wp-json\/wp\/v2\/pages\/223906"}],"collection":[{"href":"https:\/\/www.evigo.fi\/en\/wp-json\/wp\/v2\/pages"}],"about":[{"href":"https:\/\/www.evigo.fi\/en\/wp-json\/wp\/v2\/types\/page"}],"author":[{"embeddable":true,"href":"https:\/\/www.evigo.fi\/en\/wp-json\/wp\/v2\/users\/1"}],"replies":[{"embeddable":true,"href":"https:\/\/www.evigo.fi\/en\/wp-json\/wp\/v2\/comments?post=223906"}],"version-history":[{"count":7,"href":"https:\/\/www.evigo.fi\/en\/wp-json\/wp\/v2\/pages\/223906\/revisions"}],"predecessor-version":[{"id":225630,"href":"https:\/\/www.evigo.fi\/en\/wp-json\/wp\/v2\/pages\/223906\/revisions\/225630"}],"wp:attachment":[{"href":"https:\/\/www.evigo.fi\/en\/wp-json\/wp\/v2\/media?parent=223906"}],"curies":[{"name":"wp","href":"https:\/\/api.w.org\/{rel}","templated":true}]}}