{"id":223698,"date":"2022-09-13T06:07:44","date_gmt":"2022-09-13T06:07:44","guid":{"rendered":"http:\/\/www.evigo.fi\/?page_id=223698"},"modified":"2022-10-04T09:37:24","modified_gmt":"2022-10-04T09:37:24","slug":"tietosuojaseloste","status":"publish","type":"page","link":"https:\/\/www.evigo.fi\/en\/tietosuojaseloste\/","title":{"rendered":"Privacy Policy"},"content":{"rendered":"<p>[et_pb_section fb_built=&#8221;1&#8243; _builder_version=&#8221;4.18.0&#8243; _module_preset=&#8221;default&#8221; background_color=&#8221;RGBA(255,255,255,0)&#8221; max_height=&#8221;100px&#8221; custom_padding=&#8221;0px||0px|||&#8221; sticky_position=&#8221;top&#8221; saved_tabs=&#8221;all&#8221; global_colors_info=&#8221;{}&#8221; background__sticky_enabled=&#8221;on|sticky&#8221; background_color__sticky=&#8221;rgba(0,0,0,0.66)&#8221; background_enable_color__sticky=&#8221;on&#8221; global_module=&#8221;224204&#8243; theme_builder_area=&#8221;post_content&#8221;][et_pb_row column_structure=&#8221;1_4,1_2,1_4&#8243; custom_padding_last_edited=&#8221;on|tablet&#8221; _builder_version=&#8221;4.18.0&#8243; _module_preset=&#8221;default&#8221; width=&#8221;90%&#8221; custom_padding=&#8221;50px||||false|false&#8221; custom_padding_tablet=&#8221;&#8221; custom_padding_phone=&#8221;&#8221; custom_css_main_element=&#8221;display:flex;&#8221; global_colors_info=&#8221;{}&#8221; custom_padding__sticky_enabled=&#8221;on|sticky&#8221; custom_padding__sticky=&#8221;30px||30px||false|false&#8221; theme_builder_area=&#8221;post_content&#8221;][et_pb_column type=&#8221;1_4&#8243; _builder_version=&#8221;4.18.0&#8243; _module_preset=&#8221;default&#8221; global_colors_info=&#8221;{}&#8221; theme_builder_area=&#8221;post_content&#8221;][et_pb_image src=&#8221;http:\/\/www.evigo.fi\/wp-content\/uploads\/2022\/09\/Evigo-logo-vaalea.png&#8221; title_text=&#8221;Evigo logo vaalea&#8221; _builder_version=&#8221;4.18.0&#8243; _module_preset=&#8221;default&#8221; module_alignment=&#8221;center&#8221; custom_padding_tablet=&#8221;&#8221; custom_padding_phone=&#8221;6px||||false|false&#8221; custom_padding_last_edited=&#8221;on|phone&#8221; global_colors_info=&#8221;{}&#8221; max_width__sticky_enabled=&#8221;off|desktop&#8221; max_width__sticky=&#8221;80%&#8221; theme_builder_area=&#8221;post_content&#8221;][\/et_pb_image][\/et_pb_column][et_pb_column type=&#8221;1_2&#8243; _builder_version=&#8221;4.18.0&#8243; _module_preset=&#8221;default&#8221; global_colors_info=&#8221;{}&#8221; theme_builder_area=&#8221;post_content&#8221;][et_pb_menu menu_style=&#8221;centered&#8221; dropdown_menu_bg_color=&#8221;rgba(0,0,0,0.8)&#8221; dropdown_menu_line_color=&#8221;#FF62AD&#8221; dropdown_menu_text_color=&#8221;#FFFFFF&#8221; dropdown_menu_active_link_color=&#8221;#FF62AD&#8221; mobile_menu_bg_color=&#8221;rgba(0,0,0,0.8)&#8221; mobile_menu_text_color=&#8221;#FFFFFF&#8221; _builder_version=&#8221;4.18.0&#8243; _module_preset=&#8221;default&#8221; menu_font=&#8221;|||on|||||&#8221; menu_text_color=&#8221;#FFFFFF&#8221; background_enable_color=&#8221;off&#8221; global_colors_info=&#8221;{}&#8221; theme_builder_area=&#8221;post_content&#8221;][\/et_pb_menu][\/et_pb_column][et_pb_column type=&#8221;1_4&#8243; _builder_version=&#8221;4.18.0&#8243; _module_preset=&#8221;default&#8221; global_colors_info=&#8221;{}&#8221; theme_builder_area=&#8221;post_content&#8221;][et_pb_button button_url=&#8221;#yhteys&#8221; button_text=&#8221;Ota yhteytt\u00e4&#8221; button_alignment=&#8221;left&#8221; _builder_version=&#8221;4.18.0&#8243; _module_preset=&#8221;default&#8221; custom_button=&#8221;on&#8221; button_text_size=&#8221;12px&#8221; button_text_color=&#8221;#FFFFFF&#8221; button_border_color=&#8221;#FF62AD&#8221; button_border_radius=&#8221;10px&#8221; button_font=&#8221;|700||on|||||&#8221; button_use_icon=&#8221;off&#8221; custom_margin=&#8221;0px||0px||false|false&#8221; custom_margin_tablet=&#8221;0px||0px||false|false&#8221; custom_margin_phone=&#8221;3px||90px||false|false&#8221; custom_margin_last_edited=&#8221;on|desktop&#8221; custom_padding=&#8221;8px||8px||true|false&#8221; custom_padding_tablet=&#8221;|52px||52px|false|true&#8221; custom_padding_phone=&#8221;3px|7px|3px|7px|true|true&#8221; custom_padding_last_edited=&#8221;on|tablet&#8221; locked=&#8221;off&#8221; global_colors_info=&#8221;{}&#8221; button_bg_color__hover_enabled=&#8221;on|desktop&#8221; button_bg_color__hover=&#8221;#FF62AD&#8221; button_bg_enable_color__hover=&#8221;on&#8221; button_letter_spacing__hover_enabled=&#8221;on|hover&#8221; button_letter_spacing__hover=&#8221;0px&#8221; theme_builder_area=&#8221;post_content&#8221;][\/et_pb_button][\/et_pb_column][\/et_pb_row][\/et_pb_section][et_pb_section fb_built=&#8221;1&#8243; _builder_version=&#8221;4.18.0&#8243; _module_preset=&#8221;default&#8221; global_colors_info=&#8221;{}&#8221;][et_pb_row _builder_version=&#8221;4.18.0&#8243; _module_preset=&#8221;default&#8221; global_colors_info=&#8221;{}&#8221;][et_pb_column type=&#8221;4_4&#8243; _builder_version=&#8221;4.18.0&#8243; _module_preset=&#8221;default&#8221; global_colors_info=&#8221;{}&#8221;][et_pb_text _builder_version=&#8221;4.18.0&#8243; _module_preset=&#8221;default&#8221; global_colors_info=&#8221;{}&#8221;]<\/p>\n<div id=\"page-header\" class=\"header-style-light\" data-imgready=\"true\">\n<div class=\"remove-menu-padding remove-menu-padding-mobile header-wrapper header-uncode-block\">\n<div data-parent=\"true\" class=\"vc_row gradient style-color-gyho-bg row-container onepage-section\" data-label=\"Latest News\" data-name=\"latest-news\" id=\"row-unique-0\" data-section=\"0\">\n<div class=\"row unequal col-no-gutter quad-top-padding quad-bottom-padding single-h-padding limit-width row-parent row-header\" data-imgready=\"true\">\n<div class=\"wpb_row row-inner\">\n<div class=\"wpb_column pos-middle pos-center align_center column_parent col-lg-12 double-internal-gutter\">\n<div class=\"uncol style-light animate_when_almost_visible alpha-anim start_animation\">\n<div class=\"uncoltable\">\n<div class=\"uncell no-block-padding\">\n<div class=\"uncont\">\n<div class=\"vc_custom_heading_wrap\">\n<div class=\"heading-text el-text\">\n<h1>Privacy Policy<\/h1>\n<\/div>\n<div class=\"clear\"><\/div>\n<\/div>\n<\/div>\n<\/div>\n<\/div>\n<\/div>\n<\/div>\n<\/div>\n<\/div>\n<\/div>\n<\/div>\n<\/div>\n<article id=\"post-88241\" class=\"page-body style-color-xsdn-bg post-88241 page type-page status-publish has-post-thumbnail hentry page_category-videotuotanto\">\n<div class=\"post-wrapper\">\n<div class=\"post-body\">\n<div class=\"post-content un-no-sidebar-layout\">\n<div data-parent=\"true\" class=\"vc_row row-container\" id=\"row-unique-1\" data-section=\"1\">\n<div class=\"row limit-width row-parent\" data-imgready=\"true\">\n<div class=\"wpb_row row-inner\">\n<div class=\"wpb_column pos-top pos-center align_left column_parent col-lg-12 single-internal-gutter\">\n<div class=\"uncol style-light\">\n<div class=\"uncoltable\">\n<div class=\"uncell no-block-padding\">\n<div class=\"uncont\">\n<div class=\"uncode_text_column\">\n<p><span style=\"font-weight: 400;\">Evigo Oy ker\u00e4\u00e4<\/span><a href=\"http:\/\/www.evigo.fi\/en\/\"> <span style=\"font-weight: 400;\">www.evigo.fi<\/span><\/a><span style=\"font-weight: 400;\">,<\/span><a href=\"http:\/\/www.rovaniemionline.fi\"> <span style=\"font-weight: 400;\">www.rovaniemionline.fi<\/span><\/a><span style=\"font-weight: 400;\"> sek\u00e4<\/span><a href=\"http:\/\/www.finlandoline.fi\"> <span style=\"font-weight: 400;\">www.finlandoline.fi<\/span><\/a><span style=\"font-weight: 400;\"> sivustoilla ev\u00e4steit\u00e4, seurantatietoja sek\u00e4 yhteystietoja lomakkeiden kautta. L\u00e4hett\u00e4m\u00e4ll\u00e4 mink\u00e4 tahansa lomakkeen sivustojen kautta, hyv\u00e4ksyt sen, ett\u00e4 voimme olla teihin yhteydess\u00e4 puhelimitse, s\u00e4hk\u00f6postilla tai l\u00e4hett\u00e4m\u00e4ll\u00e4 teille uutiskirjeit\u00e4mme. \u200bK\u00e4ytt\u00e4m\u00e4ll\u00e4 sivustoja hyv\u00e4ksyt ev\u00e4steiden ker\u00e4\u00e4misen sek\u00e4 sen ett\u00e4 analysoimme sivuston k\u00e4ytt\u00e4jien k\u00e4ytt\u00e4ytymist\u00e4 sivustolla.<\/span><\/p>\n<p>\u200b<br \/>T\u00e4m\u00e4 on Yrityksen henkil\u00f6tietolain (10 ja 24 \u00a7) ja EU:n yleisen tietosuoja-asetuksen (GDPR) mukainen rekisterija tietosuojaseloste. Laadittu 07.06.2020. Viimeisin muutos 07.06.2020.<\/p>\n<p>&nbsp;<\/p>\n<h3>1. Rekisterinpit\u00e4j\u00e4<\/h3>\n<p>Evigo Oy,\u00a03137356-3<\/p>\n<p>\u200b<\/p>\n<h3>2. Rekisterist\u00e4 vastaava yhteyshenkil\u00f6<\/h3>\n<p>Timo Tapaninen, timo@evigo.fi, +358 40 629 0399\u200b<\/p>\n<p>&nbsp;<\/p>\n<h3>3. Rekisterin nimi<\/h3>\n<p>Evigo Oy:n asiakasrekisteri<\/p>\n<p>\u200b<\/p>\n<h3>4. Oikeusperuste ja henkil\u00f6tietojen k\u00e4sittelyn tarkoitus<\/h3>\n<p>EU:n yleisen tietosuoja-asetuksen mukainen oikeusperuste henkil\u00f6tietojen k\u00e4sittelylle on \u2013 sopimus, jossa rekister\u00f6ity on osapuolena. Henkil\u00f6tietojen k\u00e4sittelyn tarkoitus on yhteydenpito asiakkaisiin, asiakassuhteen yll\u00e4pito sek\u00e4 markkinointi. Tietoja ei k\u00e4ytet\u00e4 automatisoituun p\u00e4\u00e4t\u00f6ksentekoon tai profilointiin.<\/p>\n<p>\u200b<\/p>\n<h3>5. Rekisterin tietosis\u00e4lt\u00f6<\/h3>\n<p>Rekisteriin tallennettavia tietoja ovat: henkil\u00f6n nimi, yritys\/organisaatio, yhteystiedot (puhelinnumero, s\u00e4hk\u00f6postiosoite, osoite), laskutustiedot, muut asiakassuhteeseen ja tilattuihin palveluihin liittyv\u00e4t tiedot. Lis\u00e4ksi ker\u00e4\u00e4mme tietoja sivuston k\u00e4vij\u00f6iden k\u00e4ytt\u00e4ytymisest\u00e4 sivustolla.<\/p>\n<p>\u200b<\/p>\n<h3>6. S\u00e4\u00e4nn\u00f6nmukaiset tietol\u00e4hteet<\/h3>\n<p><span style=\"font-weight: 400;\">Rekisteriin tallennettavat tiedot saadaan asiakkaalta mm.<\/span><a href=\"http:\/\/www.evigo.fi\/en\/\"> <span style=\"font-weight: 400;\">www.evigo.fi<\/span><\/a><span style=\"font-weight: 400;\">,<\/span><a href=\"http:\/\/www.rovaniemionline.fi\"> <span style=\"font-weight: 400;\">www.rovaniemionline.fi<\/span><\/a><span style=\"font-weight: 400;\"> ja<\/span><a href=\"http:\/\/www.finlandonline.fi\"> <span style=\"font-weight: 400;\">www.finlandonline.fi<\/span><\/a><span style=\"font-weight: 400;\"> sivustoilta l\u00e4hetetyist\u00e4 viestilomakkeista, yritykseemme saapuneista s\u00e4hk\u00f6posteista, puhelinkeskusteluista, sosiaalisen median palvelujen kautta tehdyist\u00e4 keskusteluista, sopimuksista, asiakastapaamisista ja muista tilanteista, joissa asiakas luovuttaa tietojaan. K\u00e4yt\u00e4mme sivustolla my\u00f6s Googlen seuranta-analytiikkaa ker\u00e4\u00e4vi\u00e4 tietol\u00e4hteit\u00e4, kuten Google Analyticsi\u00e4 sek\u00e4 Google track global -t\u00e4gej\u00e4.<\/span><\/p>\n<p>\u200b<\/p>\n<h3>7. Tietojen s\u00e4\u00e4nn\u00f6nmukaiset luovutukset ja tietojen siirto EU:n tai ETA:n ulkopuolelle<\/h3>\n<p>Tietoja ei luovuteta s\u00e4\u00e4nn\u00f6nmukaisesti muille tahoille.<\/p>\n<p>\u200b<\/p>\n<h3>8. Rekisterin suojauksen periaatteet<\/h3>\n<p>Rekisterin k\u00e4sittelyss\u00e4 noudatetaan huolellisuutta ja tietoj\u00e4rjestelmien avulla k\u00e4sitelt\u00e4v\u00e4t tiedot suojataan asianmukaisesti. Kun rekisteritietoja s\u00e4ilytet\u00e4\u00e4n Internet-palvelimilla, niiden laitteiston fyysisest\u00e4 ja digitaalisesta tietoturvasta huolehditaan asiaankuuluvasti. Rekisterinpit\u00e4j\u00e4 huolehtii siit\u00e4, ett\u00e4 tallennettuja tietoja sek\u00e4 palvelimien k\u00e4ytt\u00f6oikeuksia ja muita henkil\u00f6tietojen turvallisuuden kannalta kriittisi\u00e4 tietoja k\u00e4sitell\u00e4\u00e4n luottamuksellisesti ja vain niiden ty\u00f6ntekij\u00f6iden toimesta, joiden ty\u00f6nkuvaan se kuuluu.<\/p>\n<p>\u200b<\/p>\n<h3>9. Tarkastusoikeus ja oikeus vaatia tiedon korjaamista<\/h3>\n<p>Jokaisella rekisteriss\u00e4 olevalla henkil\u00f6ll\u00e4 on oikeus tarkistaa rekisteriin tallennetut tietonsa ja vaatia mahdollisen virheellisen tiedon korjaamista tai puutteellisen tiedon t\u00e4ydent\u00e4mist\u00e4. Mik\u00e4li henkil\u00f6 haluaa tarkistaa h\u00e4nest\u00e4 tallennetut tiedot tai vaatia niihin oikaisua, pyynt\u00f6 tulee l\u00e4hett\u00e4\u00e4 kirjallisesti rekisterinpit\u00e4j\u00e4lle. Rekisterinpit\u00e4j\u00e4 voi pyyt\u00e4\u00e4 tarvittaessa pyynn\u00f6n esitt\u00e4j\u00e4\u00e4 todistamaan henkil\u00f6llisyytens\u00e4. Rekisterinpit\u00e4j\u00e4 vastaa asiakkaalle EU:n tietosuoja-asetuksessa s\u00e4\u00e4detyss\u00e4 ajassa (p\u00e4\u00e4s\u00e4\u00e4nt\u00f6isesti kuukauden kuluessa).<\/p>\n<p>\u200b<\/p>\n<h3>10. Muut henkil\u00f6tietojen k\u00e4sittelyyn liittyv\u00e4t oikeudet<\/h3>\n<p>Rekisteriss\u00e4 olevalla henkil\u00f6ll\u00e4 on oikeus pyyt\u00e4\u00e4 h\u00e4nt\u00e4 koskevien henkil\u00f6tietojen poistamiseen rekisterist\u00e4 (\u201coikeus tulla unohdetuksi\u201d). Niin ik\u00e4\u00e4n rekister\u00f6idyill\u00e4 on muut EU:n yleisen tietosuojaasetuksen mukaiset oikeudet kuten henkil\u00f6tietojen k\u00e4sittelyn rajoittaminen tietyiss\u00e4 tilanteissa. Pyynn\u00f6t tulee l\u00e4hett\u00e4\u00e4 kirjallisesti rekisterinpit\u00e4j\u00e4lle. Rekisterinpit\u00e4j\u00e4 voi pyyt\u00e4\u00e4 tarvittaessa pyynn\u00f6n esitt\u00e4j\u00e4\u00e4 todistamaan henkil\u00f6llisyytens\u00e4. Rekisterinpit\u00e4j\u00e4 vastaa asiakkaalle EU:n tietosuoja-asetuksessa s\u00e4\u00e4detyss\u00e4 ajassa (p\u00e4\u00e4s\u00e4\u00e4nt\u00f6isesti kuukauden kuluessa).<\/p>\n<\/div>\n<\/div>\n<\/div>\n<\/div>\n<\/div>\n<\/div>\n<\/div>\n<\/div>\n<\/div>\n<\/div>\n<\/div>\n<\/div>\n<\/article>\n<p>[\/et_pb_text][\/et_pb_column][\/et_pb_row][\/et_pb_section]<\/p>","protected":false},"excerpt":{"rendered":"<p>Tietosuoja- ja rekisteriseloste Evigo Oy ker\u00e4\u00e4 www.evigo.fi, www.rovaniemionline.fi sek\u00e4 www.finlandoline.fi sivustoilla ev\u00e4steit\u00e4, seurantatietoja sek\u00e4 yhteystietoja lomakkeiden kautta. L\u00e4hett\u00e4m\u00e4ll\u00e4 mink\u00e4 tahansa lomakkeen sivustojen kautta, hyv\u00e4ksyt sen, ett\u00e4 voimme olla teihin yhteydess\u00e4 puhelimitse, s\u00e4hk\u00f6postilla tai l\u00e4hett\u00e4m\u00e4ll\u00e4 teille uutiskirjeit\u00e4mme. \u200bK\u00e4ytt\u00e4m\u00e4ll\u00e4 sivustoja hyv\u00e4ksyt ev\u00e4steiden ker\u00e4\u00e4misen sek\u00e4 sen ett\u00e4 analysoimme sivuston k\u00e4ytt\u00e4jien k\u00e4ytt\u00e4ytymist\u00e4 sivustolla. \u200bT\u00e4m\u00e4 on Yrityksen henkil\u00f6tietolain (10 ja [&hellip;]<\/p>","protected":false},"author":1,"featured_media":0,"parent":0,"menu_order":0,"comment_status":"closed","ping_status":"closed","template":"","meta":{"_seopress_robots_primary_cat":"","_seopress_titles_title":"","_seopress_titles_desc":"","_seopress_robots_index":"","_et_pb_use_builder":"on","_et_pb_old_content":"","_et_gb_content_width":"","footnotes":""},"class_list":["post-223698","page","type-page","status-publish","hentry"],"_links":{"self":[{"href":"https:\/\/www.evigo.fi\/en\/wp-json\/wp\/v2\/pages\/223698"}],"collection":[{"href":"https:\/\/www.evigo.fi\/en\/wp-json\/wp\/v2\/pages"}],"about":[{"href":"https:\/\/www.evigo.fi\/en\/wp-json\/wp\/v2\/types\/page"}],"author":[{"embeddable":true,"href":"https:\/\/www.evigo.fi\/en\/wp-json\/wp\/v2\/users\/1"}],"replies":[{"embeddable":true,"href":"https:\/\/www.evigo.fi\/en\/wp-json\/wp\/v2\/comments?post=223698"}],"version-history":[{"count":3,"href":"https:\/\/www.evigo.fi\/en\/wp-json\/wp\/v2\/pages\/223698\/revisions"}],"predecessor-version":[{"id":224236,"href":"https:\/\/www.evigo.fi\/en\/wp-json\/wp\/v2\/pages\/223698\/revisions\/224236"}],"wp:attachment":[{"href":"https:\/\/www.evigo.fi\/en\/wp-json\/wp\/v2\/media?parent=223698"}],"curies":[{"name":"wp","href":"https:\/\/api.w.org\/{rel}","templated":true}]}}